{"id":1039,"date":"2023-01-22T22:32:09","date_gmt":"2023-01-22T22:32:09","guid":{"rendered":"https:\/\/www.esmcargaleiro.pt\/multimedia\/biblioteca\/?page_id=1039"},"modified":"2023-01-22T22:53:34","modified_gmt":"2023-01-22T22:53:34","slug":"guioes-e-tutoriais","status":"publish","type":"page","link":"https:\/\/www.esmcargaleiro.pt\/multimedia\/biblioteca\/guioes-e-tutoriais\/","title":{"rendered":"Gui\u00f5es e tutoriais"},"content":{"rendered":"\t\t<div data-elementor-type=\"wp-page\" data-elementor-id=\"1039\" class=\"elementor elementor-1039\">\n\t\t\t\t\t\t<div class=\"elementor-inner\">\n\t\t\t\t<div class=\"elementor-section-wrap\">\n\t\t\t\t\t\t\t\t\t<section class=\"elementor-section elementor-top-section elementor-element elementor-element-d74049b elementor-section-boxed elementor-section-height-default elementor-section-height-default\" data-id=\"d74049b\" data-element_type=\"section\">\n\t\t\t\t\t\t<div class=\"elementor-container elementor-column-gap-default\">\n\t\t\t\t\t\t\t<div class=\"elementor-row\">\n\t\t\t\t\t<div class=\"elementor-column elementor-col-100 elementor-top-column elementor-element elementor-element-b7fdeaa\" data-id=\"b7fdeaa\" data-element_type=\"column\">\n\t\t\t<div class=\"elementor-column-wrap elementor-element-populated\">\n\t\t\t\t\t\t\t<div class=\"elementor-widget-wrap\">\n\t\t\t\t\t\t<div class=\"elementor-element elementor-element-c828282 elementor-widget elementor-widget-shortcode\" data-id=\"c828282\" data-element_type=\"widget\" data-widget_type=\"shortcode.default\">\n\t\t\t\t<div class=\"elementor-widget-container\">\n\t\t\t\t\t<div class=\"elementor-shortcode\">\n<table id=\"tablepress-1\" class=\"tablepress tablepress-id-1\">\n<tbody class=\"row-hover\">\n<tr class=\"row-1 odd\">\n\t<td class=\"column-1\"><img decoding=\"async\" loading=\"lazy\" src=\"https:\/\/www.esmcargaleiro.pt\/multimedia\/biblioteca\/wp-content\/uploads\/2023\/01\/tut1-300x86.png\" alt=\"\" width=\"300\" height=\"86\" class=\"alignnone size-medium wp-image-1056\" srcset=\"https:\/\/www.esmcargaleiro.pt\/multimedia\/biblioteca\/wp-content\/uploads\/2023\/01\/tut1-300x86.png 300w, https:\/\/www.esmcargaleiro.pt\/multimedia\/biblioteca\/wp-content\/uploads\/2023\/01\/tut1-768x221.png 768w, https:\/\/www.esmcargaleiro.pt\/multimedia\/biblioteca\/wp-content\/uploads\/2023\/01\/tut1.png 853w\" sizes=\"(max-width: 300px) 100vw, 300px\" \/><\/td><td class=\"column-2\"><a href=\"https:\/\/www.esmcargaleiro.pt\/multimedia\/biblioteca\/wp-content\/uploads\/2023\/01\/Tutorial-1-Inserir-Indice-ou-sumario.pdf\" rel=\"noopener\" target=\"_blank\">Tutorial 1 - Inserir \u00cdndice ou sum\u00e1rio<\/a><\/td>\n<\/tr>\n<tr class=\"row-2 even\">\n\t<td class=\"column-1\"><img decoding=\"async\" loading=\"lazy\" src=\"https:\/\/www.esmcargaleiro.pt\/multimedia\/biblioteca\/wp-content\/uploads\/2023\/01\/tut2-300x93.png\" alt=\"\" width=\"300\" height=\"93\" class=\"alignnone size-medium wp-image-1055\" srcset=\"https:\/\/www.esmcargaleiro.pt\/multimedia\/biblioteca\/wp-content\/uploads\/2023\/01\/tut2-300x93.png 300w, https:\/\/www.esmcargaleiro.pt\/multimedia\/biblioteca\/wp-content\/uploads\/2023\/01\/tut2-768x239.png 768w, https:\/\/www.esmcargaleiro.pt\/multimedia\/biblioteca\/wp-content\/uploads\/2023\/01\/tut2.png 940w\" sizes=\"(max-width: 300px) 100vw, 300px\" \/><\/td><td class=\"column-2\"><a href=\"https:\/\/www.esmcargaleiro.pt\/multimedia\/biblioteca\/wp-content\/uploads\/2023\/01\/Tutorial-2-Citacoes-ou-referencias-bibliograficas.pdf\" rel=\"noopener\" target=\"_blank\">Tutorial 2 - Cita\u00e7\u00f5es ou refer\u00eancias bibliogr\u00e1ficas<\/a><\/td>\n<\/tr>\n<tr class=\"row-3 odd\">\n\t<td class=\"column-1\"><img decoding=\"async\" loading=\"lazy\" src=\"https:\/\/www.esmcargaleiro.pt\/multimedia\/biblioteca\/wp-content\/uploads\/2023\/01\/tut3-300x108.png\" alt=\"\" width=\"300\" height=\"108\" class=\"alignnone size-medium wp-image-1054\" srcset=\"https:\/\/www.esmcargaleiro.pt\/multimedia\/biblioteca\/wp-content\/uploads\/2023\/01\/tut3-300x108.png 300w, https:\/\/www.esmcargaleiro.pt\/multimedia\/biblioteca\/wp-content\/uploads\/2023\/01\/tut3-768x277.png 768w, https:\/\/www.esmcargaleiro.pt\/multimedia\/biblioteca\/wp-content\/uploads\/2023\/01\/tut3.png 836w\" sizes=\"(max-width: 300px) 100vw, 300px\" \/><\/td><td class=\"column-2\"><a href=\"https:\/\/www.esmcargaleiro.pt\/multimedia\/biblioteca\/wp-content\/uploads\/2023\/01\/Tutorial-3-Recolha-de-Informacao.pdf\" rel=\"noopener\" target=\"_blank\">Tutorial 3 - Recolha de Informa\u00e7\u00e3o<\/a><\/td>\n<\/tr>\n<tr class=\"row-4 even\">\n\t<td class=\"column-1\"><img decoding=\"async\" loading=\"lazy\" src=\"https:\/\/www.esmcargaleiro.pt\/multimedia\/biblioteca\/wp-content\/uploads\/2023\/01\/t5-pesquisar-imagens-300x95.png\" alt=\"\" width=\"300\" height=\"95\" class=\"alignnone size-medium wp-image-1050\" srcset=\"https:\/\/www.esmcargaleiro.pt\/multimedia\/biblioteca\/wp-content\/uploads\/2023\/01\/t5-pesquisar-imagens-300x95.png 300w, https:\/\/www.esmcargaleiro.pt\/multimedia\/biblioteca\/wp-content\/uploads\/2023\/01\/t5-pesquisar-imagens.png 731w\" sizes=\"(max-width: 300px) 100vw, 300px\" \/><\/td><td class=\"column-2\"><a href=\"https:\/\/www.esmcargaleiro.pt\/multimedia\/biblioteca\/wp-content\/uploads\/2023\/01\/Tutorial-5-Pesquisar-Imagens.pdf\" rel=\"noopener\" target=\"_blank\">Tutorial 5 - Pesquisar Imagens<\/a><\/td>\n<\/tr>\n<tr class=\"row-5 odd\">\n\t<td class=\"column-1\"><img decoding=\"async\" loading=\"lazy\" src=\"https:\/\/www.esmcargaleiro.pt\/multimedia\/biblioteca\/wp-content\/uploads\/2023\/01\/tut7-300x84.png\" alt=\"\" width=\"300\" height=\"84\" class=\"alignnone size-medium wp-image-1053\" srcset=\"https:\/\/www.esmcargaleiro.pt\/multimedia\/biblioteca\/wp-content\/uploads\/2023\/01\/tut7-300x84.png 300w, https:\/\/www.esmcargaleiro.pt\/multimedia\/biblioteca\/wp-content\/uploads\/2023\/01\/tut7-768x216.png 768w, https:\/\/www.esmcargaleiro.pt\/multimedia\/biblioteca\/wp-content\/uploads\/2023\/01\/tut7.png 872w\" sizes=\"(max-width: 300px) 100vw, 300px\" \/><\/td><td class=\"column-2\"><a href=\"https:\/\/www.esmcargaleiro.pt\/multimedia\/biblioteca\/wp-content\/uploads\/2023\/01\/Tutorial-7-Estrutura-de-Trabalho.pdf\" rel=\"noopener\" target=\"_blank\">Tutorial 7 - Estrutura de Trabalho<\/a><\/td>\n<\/tr>\n<tr class=\"row-6 even\">\n\t<td class=\"column-1\"><img decoding=\"async\" loading=\"lazy\" src=\"https:\/\/www.esmcargaleiro.pt\/multimedia\/biblioteca\/wp-content\/uploads\/2023\/01\/tut8-300x103.png\" alt=\"\" width=\"300\" height=\"103\" class=\"alignnone size-medium wp-image-1052\" srcset=\"https:\/\/www.esmcargaleiro.pt\/multimedia\/biblioteca\/wp-content\/uploads\/2023\/01\/tut8-300x103.png 300w, https:\/\/www.esmcargaleiro.pt\/multimedia\/biblioteca\/wp-content\/uploads\/2023\/01\/tut8-768x264.png 768w, https:\/\/www.esmcargaleiro.pt\/multimedia\/biblioteca\/wp-content\/uploads\/2023\/01\/tut8.png 777w\" sizes=\"(max-width: 300px) 100vw, 300px\" \/><\/td><td class=\"column-2\"><a href=\"https:\/\/www.esmcargaleiro.pt\/multimedia\/biblioteca\/wp-content\/uploads\/2023\/01\/Tutorial-8-Direitos-de-Autor.pdf\" rel=\"noopener\" target=\"_blank\">Tutorial 8 - Direitos de Autor<\/a><\/td>\n<\/tr>\n<tr class=\"row-7 odd\">\n\t<td class=\"column-1\"><img decoding=\"async\" loading=\"lazy\" src=\"https:\/\/www.esmcargaleiro.pt\/multimedia\/biblioteca\/wp-content\/uploads\/2023\/01\/tut9-300x104.png\" alt=\"\" width=\"300\" height=\"104\" class=\"alignnone size-medium wp-image-1051\" srcset=\"https:\/\/www.esmcargaleiro.pt\/multimedia\/biblioteca\/wp-content\/uploads\/2023\/01\/tut9-300x104.png 300w, https:\/\/www.esmcargaleiro.pt\/multimedia\/biblioteca\/wp-content\/uploads\/2023\/01\/tut9.png 741w\" sizes=\"(max-width: 300px) 100vw, 300px\" \/><\/td><td class=\"column-2\"><a href=\"https:\/\/www.esmcargaleiro.pt\/multimedia\/biblioteca\/wp-content\/uploads\/2023\/01\/Tutorial-9-Plagio-1.pdf\" rel=\"noopener\" target=\"_blank\">Tutorial 9 - Pl\u00e1gio<\/a><\/td>\n<\/tr>\n<tr class=\"row-8 even\">\n\t<td class=\"column-1\"><img decoding=\"async\" loading=\"lazy\" src=\"https:\/\/www.esmcargaleiro.pt\/multimedia\/biblioteca\/wp-content\/uploads\/2023\/01\/padlet-300x75.png\" alt=\"\" width=\"300\" height=\"75\" class=\"alignnone size-medium wp-image-1057\" srcset=\"https:\/\/www.esmcargaleiro.pt\/multimedia\/biblioteca\/wp-content\/uploads\/2023\/01\/padlet-300x75.png 300w, https:\/\/www.esmcargaleiro.pt\/multimedia\/biblioteca\/wp-content\/uploads\/2023\/01\/padlet.png 736w\" sizes=\"(max-width: 300px) 100vw, 300px\" \/><\/td><td class=\"column-2\"><a href=\"https:\/\/www.esmcargaleiro.pt\/multimedia\/biblioteca\/wp-content\/uploads\/2023\/01\/Padlet_tutorial_MOOC_AFC.pdf\" rel=\"noopener\" target=\"_blank\">Gui\u00e3o padlet<\/a><\/td>\n<\/tr>\n<tr class=\"row-9 odd\">\n\t<td class=\"column-1\"><img decoding=\"async\" loading=\"lazy\" src=\"https:\/\/www.esmcargaleiro.pt\/multimedia\/biblioteca\/wp-content\/uploads\/2023\/01\/zoom-300x70.png\" alt=\"\" width=\"300\" height=\"70\" class=\"alignnone size-medium wp-image-1058\" srcset=\"https:\/\/www.esmcargaleiro.pt\/multimedia\/biblioteca\/wp-content\/uploads\/2023\/01\/zoom-300x70.png 300w, https:\/\/www.esmcargaleiro.pt\/multimedia\/biblioteca\/wp-content\/uploads\/2023\/01\/zoom.png 607w\" sizes=\"(max-width: 300px) 100vw, 300px\" \/><\/td><td class=\"column-2\"><a href=\"https:\/\/www.esmcargaleiro.pt\/multimedia\/biblioteca\/wp-content\/uploads\/2023\/01\/zoom_2.pdf\" rel=\"noopener\" target=\"_blank\">Zoom<\/a><\/td>\n<\/tr>\n<\/tbody>\n<\/table>\n<\/div>\n\t\t\t\t<\/div>\n\t\t\t\t<\/div>\n\t\t\t\t\t\t<\/div>\n\t\t\t\t\t<\/div>\n\t\t<\/div>\n\t\t\t\t\t\t\t\t<\/div>\n\t\t\t\t\t<\/div>\n\t\t<\/section>\n\t\t\t\t\t\t\t\t\t<\/div>\n\t\t\t<\/div>\n\t\t\t\t\t<\/div>\n\t\t","protected":false},"excerpt":{"rendered":"<p><span class=\"more-link\"><a href=\"https:\/\/www.esmcargaleiro.pt\/multimedia\/biblioteca\/guioes-e-tutoriais\/\">Ler mais<\/a><\/span><\/p>\n","protected":false},"author":1,"featured_media":0,"parent":0,"menu_order":0,"comment_status":"closed","ping_status":"closed","template":"","meta":{"_eb_attr":""},"_links":{"self":[{"href":"https:\/\/www.esmcargaleiro.pt\/multimedia\/biblioteca\/wp-json\/wp\/v2\/pages\/1039"}],"collection":[{"href":"https:\/\/www.esmcargaleiro.pt\/multimedia\/biblioteca\/wp-json\/wp\/v2\/pages"}],"about":[{"href":"https:\/\/www.esmcargaleiro.pt\/multimedia\/biblioteca\/wp-json\/wp\/v2\/types\/page"}],"author":[{"embeddable":true,"href":"https:\/\/www.esmcargaleiro.pt\/multimedia\/biblioteca\/wp-json\/wp\/v2\/users\/1"}],"replies":[{"embeddable":true,"href":"https:\/\/www.esmcargaleiro.pt\/multimedia\/biblioteca\/wp-json\/wp\/v2\/comments?post=1039"}],"version-history":[{"count":4,"href":"https:\/\/www.esmcargaleiro.pt\/multimedia\/biblioteca\/wp-json\/wp\/v2\/pages\/1039\/revisions"}],"predecessor-version":[{"id":1064,"href":"https:\/\/www.esmcargaleiro.pt\/multimedia\/biblioteca\/wp-json\/wp\/v2\/pages\/1039\/revisions\/1064"}],"wp:attachment":[{"href":"https:\/\/www.esmcargaleiro.pt\/multimedia\/biblioteca\/wp-json\/wp\/v2\/media?parent=1039"}],"curies":[{"name":"wp","href":"https:\/\/api.w.org\/{rel}","templated":true}]}}