{"id":515,"date":"2021-02-10T08:28:34","date_gmt":"2021-02-10T08:28:34","guid":{"rendered":"https:\/\/www.esmcargaleiro.pt\/multimedia\/biblioteca\/?page_id=515"},"modified":"2023-01-16T11:50:06","modified_gmt":"2023-01-16T11:50:06","slug":"515-2","status":"publish","type":"page","link":"https:\/\/www.esmcargaleiro.pt\/multimedia\/biblioteca\/515-2\/","title":{"rendered":"Sobre n\u00f3s"},"content":{"rendered":"\t\t<div data-elementor-type=\"wp-page\" data-elementor-id=\"515\" class=\"elementor elementor-515\">\n\t\t\t\t\t\t<div class=\"elementor-inner\">\n\t\t\t\t<div class=\"elementor-section-wrap\">\n\t\t\t\t\t\t\t\t\t<section class=\"elementor-section elementor-top-section elementor-element elementor-element-29f3959 elementor-section-boxed elementor-section-height-default elementor-section-height-default\" data-id=\"29f3959\" data-element_type=\"section\">\n\t\t\t\t\t\t<div class=\"elementor-container elementor-column-gap-default\">\n\t\t\t\t\t\t\t<div class=\"elementor-row\">\n\t\t\t\t\t<div class=\"elementor-column elementor-col-100 elementor-top-column elementor-element elementor-element-ed6daa5\" data-id=\"ed6daa5\" data-element_type=\"column\">\n\t\t\t<div class=\"elementor-column-wrap elementor-element-populated\">\n\t\t\t\t\t\t\t<div class=\"elementor-widget-wrap\">\n\t\t\t\t\t\t<div class=\"elementor-element elementor-element-d752040 elementor-widget elementor-widget-image\" data-id=\"d752040\" data-element_type=\"widget\" data-widget_type=\"image.default\">\n\t\t\t\t<div class=\"elementor-widget-container\">\n\t\t\t\t\t\t\t\t<div class=\"elementor-image\">\n\t\t\t\t\t\t\t\t\t\t\t\t<img decoding=\"async\" width=\"150\" height=\"150\" src=\"https:\/\/www.esmcargaleiro.pt\/multimedia\/biblioteca\/wp-content\/uploads\/2019\/01\/cropped-cropped-cropped-cropped-cropped-florbela_bib-1-1-150x150.jpg\" class=\"attachment-thumbnail size-thumbnail wp-image-132\" alt=\"\" loading=\"lazy\" srcset=\"https:\/\/www.esmcargaleiro.pt\/multimedia\/biblioteca\/wp-content\/uploads\/2019\/01\/cropped-cropped-cropped-cropped-cropped-florbela_bib-1-1-150x150.jpg 150w, https:\/\/www.esmcargaleiro.pt\/multimedia\/biblioteca\/wp-content\/uploads\/2019\/01\/cropped-cropped-cropped-cropped-cropped-florbela_bib-1-1-300x300.jpg 300w, https:\/\/www.esmcargaleiro.pt\/multimedia\/biblioteca\/wp-content\/uploads\/2019\/01\/cropped-cropped-cropped-cropped-cropped-florbela_bib-1-1-250x250.jpg 250w, https:\/\/www.esmcargaleiro.pt\/multimedia\/biblioteca\/wp-content\/uploads\/2019\/01\/cropped-cropped-cropped-cropped-cropped-florbela_bib-1-1.jpg 512w\" sizes=\"(max-width: 150px) 100vw, 150px\" \/>\t\t\t\t\t\t\t\t\t\t\t\t\t\t<\/div>\n\t\t\t\t\t\t<\/div>\n\t\t\t\t<\/div>\n\t\t\t\t<div class=\"elementor-element elementor-element-1933e0f elementor-widget elementor-widget-text-editor\" data-id=\"1933e0f\" data-element_type=\"widget\" data-widget_type=\"text-editor.default\">\n\t\t\t\t<div class=\"elementor-widget-container\">\n\t\t\t\t\t\t\t\t<div class=\"elementor-text-editor elementor-clearfix\">\n\t\t\t\t<p>A Biblioteca Escolar Florbela Espanca, inserida na Rede de Bibliotecas Escolares (RBE) desde 1999\/2000, desempenha um papel relevante na vida da escola dinamizando um conjunto de atividades que visam desenvolver compet\u00eancias, o conhecimento, fomentar a aprendizagem, a criatividade, promover a aprendizagem ao longo da vida.<\/p><p>A biblioteca escolar tem por miss\u00e3o disponibilizar servi\u00e7os de aprendizagem, livros e recursos que permitam a todos os membros da comunidade escolar tornarem-se pensadores cr\u00edticos e utilizadores efetivos da informa\u00e7\u00e3o em todos os suportes e meios de comunica\u00e7\u00e3o. (IFLA\/UNESCO, 2016, adaptado)<\/p><p>Seguindo este prop\u00f3sito, a BE disponibiliza um diversificado conjunto de servi\u00e7os t\u00e9cnicos e de apoio aos seus utilizadores. Est\u00e1 dividida em \u00e1reas funcionais: a \u00e1rea de Leitura e Estudo, a \u00e1rea de Acolhimento, a \u00e1rea de Gest\u00e3o e Tratamento Documental e a \u00e1rea de Trabalhos de Grupo. Disp\u00f5e de liga\u00e7\u00e3o \u00e0 Internet por cabo e wireless contando, ainda, com uma zona de exposi\u00e7\u00f5es e uma pequena galeria. A equipa fixa da BE \u00e9 composta pela professora bibliotec\u00e1ria e uma assistente operacional. O hor\u00e1rio da BE \u00e9 cont\u00ednuo e acompanha, habitualmente, o hor\u00e1rio de funcionamento da escola.<\/p><p>A Biblioteca Escolar Florbela Espanca possui um fundo documental significativo, acumulado ao longo dos anos, pensado de forma a servir os seus utilizadores, interesses e necessidades, coadjuvando na prepara\u00e7\u00e3o dos alunos para o seu futuro profissional, como cidad\u00e3os ativos esperando, tamb\u00e9m, beneficiar a comunidade envolvente.<\/p><p>Os seus servi\u00e7os e atividades integram o Projeto Educativo de Escola (PEE)\u00a0<\/p>\t\t\t\t\t<\/div>\n\t\t\t\t\t\t<\/div>\n\t\t\t\t<\/div>\n\t\t\t\t\t\t<\/div>\n\t\t\t\t\t<\/div>\n\t\t<\/div>\n\t\t\t\t\t\t\t\t<\/div>\n\t\t\t\t\t<\/div>\n\t\t<\/section>\n\t\t\t\t<section class=\"elementor-section elementor-top-section elementor-element elementor-element-2c37e26 elementor-section-boxed elementor-section-height-default elementor-section-height-default\" data-id=\"2c37e26\" data-element_type=\"section\">\n\t\t\t\t\t\t<div class=\"elementor-container elementor-column-gap-default\">\n\t\t\t\t\t\t\t<div class=\"elementor-row\">\n\t\t\t\t\t<div class=\"elementor-column elementor-col-100 elementor-top-column elementor-element elementor-element-63aca8a\" data-id=\"63aca8a\" data-element_type=\"column\">\n\t\t\t<div class=\"elementor-column-wrap elementor-element-populated\">\n\t\t\t\t\t\t\t<div class=\"elementor-widget-wrap\">\n\t\t\t\t\t\t<div class=\"elementor-element elementor-element-86fee04 elementor-widget elementor-widget-heading\" data-id=\"86fee04\" data-element_type=\"widget\" data-widget_type=\"heading.default\">\n\t\t\t\t<div class=\"elementor-widget-container\">\n\t\t\t<h4 class=\"elementor-heading-title elementor-size-default\">Equipa<\/h4>\t\t<\/div>\n\t\t\t\t<\/div>\n\t\t\t\t\t\t<\/div>\n\t\t\t\t\t<\/div>\n\t\t<\/div>\n\t\t\t\t\t\t\t\t<\/div>\n\t\t\t\t\t<\/div>\n\t\t<\/section>\n\t\t\t\t<section class=\"elementor-section elementor-top-section elementor-element elementor-element-a90479f elementor-section-boxed elementor-section-height-default elementor-section-height-default\" data-id=\"a90479f\" data-element_type=\"section\">\n\t\t\t\t\t\t<div class=\"elementor-container elementor-column-gap-default\">\n\t\t\t\t\t\t\t<div class=\"elementor-row\">\n\t\t\t\t\t<div class=\"elementor-column elementor-col-100 elementor-top-column elementor-element elementor-element-8f41cb0\" data-id=\"8f41cb0\" data-element_type=\"column\">\n\t\t\t<div class=\"elementor-column-wrap elementor-element-populated\">\n\t\t\t\t\t\t\t<div class=\"elementor-widget-wrap\">\n\t\t\t\t\t\t<div class=\"elementor-element elementor-element-30242ea elementor-widget elementor-widget-text-editor\" data-id=\"30242ea\" data-element_type=\"widget\" data-widget_type=\"text-editor.default\">\n\t\t\t\t<div class=\"elementor-widget-container\">\n\t\t\t\t\t\t\t\t<div class=\"elementor-text-editor elementor-clearfix\">\n\t\t\t\t<p>Professora Bibliotec\u00e1ria \u2013 Am\u00e9rica Silva<br \/>Assistente operacional \u2013 Jesu\u00edna Mareco<br \/>Web designer \u2013 M\u00aa Jo\u00e3o Cunha<br \/>Professores de apoio<br \/>Volunt\u00e1ria da Leitura<\/p>\t\t\t\t\t<\/div>\n\t\t\t\t\t\t<\/div>\n\t\t\t\t<\/div>\n\t\t\t\t\t\t<\/div>\n\t\t\t\t\t<\/div>\n\t\t<\/div>\n\t\t\t\t\t\t\t\t<\/div>\n\t\t\t\t\t<\/div>\n\t\t<\/section>\n\t\t\t\t<section class=\"elementor-section elementor-top-section elementor-element elementor-element-c7ca377 elementor-section-boxed elementor-section-height-default elementor-section-height-default\" data-id=\"c7ca377\" data-element_type=\"section\">\n\t\t\t\t\t\t<div class=\"elementor-container elementor-column-gap-default\">\n\t\t\t\t\t\t\t<div class=\"elementor-row\">\n\t\t\t\t\t<div class=\"elementor-column elementor-col-100 elementor-top-column elementor-element elementor-element-8531e81\" data-id=\"8531e81\" data-element_type=\"column\">\n\t\t\t<div class=\"elementor-column-wrap elementor-element-populated\">\n\t\t\t\t\t\t\t<div class=\"elementor-widget-wrap\">\n\t\t\t\t\t\t<div class=\"elementor-element elementor-element-2f4de62 elementor-widget elementor-widget-heading\" data-id=\"2f4de62\" data-element_type=\"widget\" data-widget_type=\"heading.default\">\n\t\t\t\t<div class=\"elementor-widget-container\">\n\t\t\t<h4 class=\"elementor-heading-title elementor-size-default\">Servi\u00e7os<\/h4>\t\t<\/div>\n\t\t\t\t<\/div>\n\t\t\t\t\t\t<\/div>\n\t\t\t\t\t<\/div>\n\t\t<\/div>\n\t\t\t\t\t\t\t\t<\/div>\n\t\t\t\t\t<\/div>\n\t\t<\/section>\n\t\t\t\t<section class=\"elementor-section elementor-top-section elementor-element elementor-element-5e47dc1 elementor-section-boxed elementor-section-height-default elementor-section-height-default\" data-id=\"5e47dc1\" data-element_type=\"section\">\n\t\t\t\t\t\t<div class=\"elementor-container elementor-column-gap-default\">\n\t\t\t\t\t\t\t<div class=\"elementor-row\">\n\t\t\t\t\t<div class=\"elementor-column elementor-col-100 elementor-top-column elementor-element elementor-element-7a28c6b\" data-id=\"7a28c6b\" data-element_type=\"column\">\n\t\t\t<div class=\"elementor-column-wrap elementor-element-populated\">\n\t\t\t\t\t\t\t<div class=\"elementor-widget-wrap\">\n\t\t\t\t\t\t<div class=\"elementor-element elementor-element-0a329a1 elementor-widget elementor-widget-text-editor\" data-id=\"0a329a1\" data-element_type=\"widget\" data-widget_type=\"text-editor.default\">\n\t\t\t\t<div class=\"elementor-widget-container\">\n\t\t\t\t\t\t\t\t<div class=\"elementor-text-editor elementor-clearfix\">\n\t\t\t\t<p>A Biblioteca da ESMC oferece um conjunto de servi\u00e7os para satisfazer as diferentes<br \/>necessidades dos seus utilizadores:<\/p><p><strong>Consulta presencial;<\/strong><br \/><strong>Trabalhos em grupo;<\/strong><br \/><strong>Empr\u00e9stimo domicili\u00e1rio;<\/strong><br \/><strong>Empr\u00e9stimo local;<\/strong><br \/><strong>Apoio ao curr\u00edculo;<\/strong><br \/><strong>Acesso \u00e0 internet;<\/strong><br \/><strong>Software educativo;<\/strong><br \/><strong>Visionamento de DVD (empr\u00e9stimo);<\/strong><br \/><strong>Audi\u00e7\u00e3o de CD-\u00e1udio (empr\u00e9stimo);<\/strong><\/p>\t\t\t\t\t<\/div>\n\t\t\t\t\t\t<\/div>\n\t\t\t\t<\/div>\n\t\t\t\t\t\t<\/div>\n\t\t\t\t\t<\/div>\n\t\t<\/div>\n\t\t\t\t\t\t\t\t<\/div>\n\t\t\t\t\t<\/div>\n\t\t<\/section>\n\t\t\t\t\t\t\t\t\t<\/div>\n\t\t\t<\/div>\n\t\t\t\t\t<\/div>\n\t\t","protected":false},"excerpt":{"rendered":"<p>A Biblioteca Escolar Florbela Espanca, inserida na Rede de Bibliotecas Escolares (RBE) desde 1999\/2000, desempenha um papel relevante na vida da escola dinamizando um conjunto de atividades que visam desenvolver compet\u00eancias, o conhecimento, fomentar a aprendizagem, a criatividade, promover a aprendizagem ao longo da vida. A biblioteca escolar tem por<span class=\"more-link\"><a href=\"https:\/\/www.esmcargaleiro.pt\/multimedia\/biblioteca\/515-2\/\">Ler mais<\/a><\/span><\/p>\n","protected":false},"author":1,"featured_media":0,"parent":0,"menu_order":0,"comment_status":"closed","ping_status":"closed","template":"","meta":{"_eb_attr":""},"_links":{"self":[{"href":"https:\/\/www.esmcargaleiro.pt\/multimedia\/biblioteca\/wp-json\/wp\/v2\/pages\/515"}],"collection":[{"href":"https:\/\/www.esmcargaleiro.pt\/multimedia\/biblioteca\/wp-json\/wp\/v2\/pages"}],"about":[{"href":"https:\/\/www.esmcargaleiro.pt\/multimedia\/biblioteca\/wp-json\/wp\/v2\/types\/page"}],"author":[{"embeddable":true,"href":"https:\/\/www.esmcargaleiro.pt\/multimedia\/biblioteca\/wp-json\/wp\/v2\/users\/1"}],"replies":[{"embeddable":true,"href":"https:\/\/www.esmcargaleiro.pt\/multimedia\/biblioteca\/wp-json\/wp\/v2\/comments?post=515"}],"version-history":[{"count":9,"href":"https:\/\/www.esmcargaleiro.pt\/multimedia\/biblioteca\/wp-json\/wp\/v2\/pages\/515\/revisions"}],"predecessor-version":[{"id":846,"href":"https:\/\/www.esmcargaleiro.pt\/multimedia\/biblioteca\/wp-json\/wp\/v2\/pages\/515\/revisions\/846"}],"wp:attachment":[{"href":"https:\/\/www.esmcargaleiro.pt\/multimedia\/biblioteca\/wp-json\/wp\/v2\/media?parent=515"}],"curies":[{"name":"wp","href":"https:\/\/api.w.org\/{rel}","templated":true}]}}